{"id":9284,"date":"2023-06-07T10:39:24","date_gmt":"2023-06-07T08:39:24","guid":{"rendered":"https:\/\/www.pallaressolsona.com\/porcelain-store\/"},"modified":"2023-06-07T10:39:24","modified_gmt":"2023-06-07T10:39:24","slug":"porcelain-store","status":"publish","type":"page","link":"https:\/\/www.pallaressolsona.com\/fr\/","title":{"rendered":"Inici"},"content":{"rendered":"\t\t<div data-elementor-type=\"wp-page\" data-elementor-id=\"9284\" class=\"elementor elementor-9284 elementor-706\">\n\t\t\t\t<div class=\"elementor-element elementor-element-f0fdfdc e-con-full e-flex e-con e-parent\" data-id=\"f0fdfdc\" data-element_type=\"container\" data-e-type=\"container\" data-settings=\"{&quot;background_background&quot;:&quot;classic&quot;}\">\n\t\t\t\t<div class=\"elementor-element elementor-element-219a94c elementor-widget elementor-widget-slider_revolution\" data-id=\"219a94c\" data-element_type=\"widget\" data-e-type=\"widget\" data-widget_type=\"slider_revolution.default\">\n\t\t\t\t\t\n\t\t<div class=\"wp-block-themepunch-revslider\">\n\t\t\t\t<p class=\"rs-p-wp-fix\"><\/p>\n\t\t\t\t<sr7-module data-alias=\"slider-inici\" data-id=\"4\" id=\"SR7_4_1\" class=\"rs-ov-hidden\" data-version=\"6.7.34\">\n\t\t\t\t\t<sr7-adjuster><\/sr7-adjuster>\n\t\t\t\t\t<sr7-content>\n\t\t\t\t\t\t<sr7-slide id=\"SR7_4_1-10\" data-key=\"10\">\n\t\t\t\t\t\t\t<sr7-bg id=\"SR7_4_1-10-2\" class=\"sr7-layer\"><noscript><img decoding=\"async\" src=\"https:\/\/www.pallaressolsona.com\/wp-content\/uploads\/2025\/10\/Arago-scaled.jpg\" alt=\"\" title=\"\"><\/noscript><\/sr7-bg>\n\t\t\t\t\t\t\t<sr7-txt id=\"SR7_4_1-10-0\" class=\"sr7-layer\" srscsrc><h1 class=\"qodef-shortcode qodef-m qodef-custom-font qodef-custom-font-202 qodef-layout--simple qodef-content-align--left\" style=\"color: #FFFFFF;font-size: 70px\">\n\t<span class=\"qodef-e-title-italic\">El nostre ofici, la nostra passi\u00f3<\/span>\n\t<\/h1>\n<\/sr7-txt>\n\t\t\t\t\t\t\t<sr7-txt id=\"SR7_4_1-10-1\" class=\"sr7-layer\">Des de 1917<\/sr7-txt>\n\t\t\t\t\t\t<\/sr7-slide>\n\t\t\t\t\t\t<sr7-slide id=\"SR7_4_1-11\" data-key=\"11\">\n\t\t\t\t\t\t\t<sr7-bg id=\"SR7_4_1-11-6\" class=\"sr7-layer\"><noscript><img decoding=\"async\" src=\"https:\/\/www.pallaressolsona.com\/wp-content\/uploads\/2025\/10\/Esmolant-Busa-Banya-scaled.jpg\" alt=\"\" title=\"OLYMPUS DIGITAL CAMERA\"><\/noscript><\/sr7-bg>\n\t\t\t\t\t\t\t<sr7-txt id=\"SR7_4_1-11-0\" class=\"sr7-layer\" srscsrc><h1 class=\"qodef-shortcode qodef-m qodef-custom-font qodef-custom-font-104 qodef-layout--simple qodef-content-align--left\" style=\"color: #FFFFFF;font-size: 70px\">\n\t<span class=\"qodef-e-title-italic\">El nostre ofici, la nostra passi\u00f3<\/span>\n\t<\/h1>\n<\/sr7-txt>\n\t\t\t\t\t\t\t<sr7-txt id=\"SR7_4_1-11-5\" class=\"sr7-layer\">Des de 1917<\/sr7-txt>\n\t\t\t\t\t\t<\/sr7-slide>\n\t\t\t\t\t\t<sr7-slide id=\"SR7_4_1-12\" data-key=\"12\">\n\t\t\t\t\t\t\t<sr7-bg id=\"SR7_4_1-12-7\" class=\"sr7-layer\"><noscript><img decoding=\"async\" src=\"https:\/\/www.pallaressolsona.com\/wp-content\/uploads\/2025\/10\/Navalla-Busa-Estabilitzada-3-scaled.jpg\" alt=\"\" title=\"\"><\/noscript><\/sr7-bg>\n\t\t\t\t\t\t\t<sr7-txt id=\"SR7_4_1-12-0\" class=\"sr7-layer\" srscsrc><h1 class=\"qodef-shortcode qodef-m qodef-custom-font qodef-custom-font-365 qodef-layout--simple qodef-content-align--left\" style=\"color: #FFFFFF;font-size: 70px\">\n\t<span class=\"qodef-e-title-italic\">El nostre ofici, la nostra passi\u00f3<\/span>\n\t<\/h1>\n<\/sr7-txt>\n\t\t\t\t\t\t\t<sr7-txt id=\"SR7_4_1-12-6\" class=\"sr7-layer\">Des de 1917<\/sr7-txt>\n\t\t\t\t\t\t<\/sr7-slide>\n\t\t\t\t\t\t<sr7-slide id=\"SR7_4_1-13\" data-key=\"13\">\n\t\t\t\t\t\t\t<sr7-bg id=\"SR7_4_1-13-8\" class=\"sr7-layer\"><noscript><img decoding=\"async\" src=\"https:\/\/www.pallaressolsona.com\/wp-content\/uploads\/2025\/10\/Daga-Clavada-scaled.jpg\" alt=\"\" title=\"\"><\/noscript><\/sr7-bg>\n\t\t\t\t\t\t\t<sr7-txt id=\"SR7_4_1-13-0\" class=\"sr7-layer\" srscsrc><h1 class=\"qodef-shortcode qodef-m qodef-custom-font qodef-custom-font-748 qodef-layout--simple qodef-content-align--left\" style=\"color: #FFFFFF;font-size: 70px\">\n\t<span class=\"qodef-e-title-italic\">El nostre ofici, la nostra passi\u00f3<\/span>\n\t<\/h1>\n<\/sr7-txt>\n\t\t\t\t\t\t\t<sr7-txt id=\"SR7_4_1-13-7\" class=\"sr7-layer\">Des de 1917<\/sr7-txt>\n\t\t\t\t\t\t<\/sr7-slide>\n\t\t\t\t\t\t<sr7-slide id=\"SR7_4_1-14\" data-key=\"14\">\n\t\t\t\t\t\t<\/sr7-slide>\n\t\t\t\t\t<\/sr7-content>\n\t\t\t\t\t<image_lists style=\"display:none\">\n\t\t\t\t\t\t<img data-src=\"\/\/www.pallaressolsona.com\/wp-content\/uploads\/2025\/10\/Arago-scaled.jpg\" data-libid=\"8766\" data-lib=\"medialibrary\" width=\"0\" height=\"0\" data-dbsrc=\"Ly93d3cucGFsbGFyZXNzb2xzb25hLmNvbS93cC1jb250ZW50L3VwbG9hZHMvMjAyNS8xMC9BcmFnby1zY2FsZWQuanBn\"\/>\n\t\t\t\t\t\t<img data-src=\"\/\/www.pallaressolsona.com\/wp-content\/uploads\/2025\/10\/Esmolant-Busa-Banya-scaled.jpg\" data-libid=\"8767\" data-lib=\"medialibrary\" title=\"OLYMPUS DIGITAL CAMERA\" width=\"0\" height=\"0\" data-dbsrc=\"Ly93d3cucGFsbGFyZXNzb2xzb25hLmNvbS93cC1jb250ZW50L3VwbG9hZHMvMjAyNS8xMC9Fc21vbGFudC1CdXNhLUJhbnlhLXNjYWxlZC5qcGc=\"\/>\n\t\t\t\t\t\t<img data-src=\"\/\/www.pallaressolsona.com\/wp-content\/uploads\/2025\/10\/Navalla-Busa-Estabilitzada-3-scaled.jpg\" data-libid=\"8768\" data-lib=\"medialibrary\" width=\"0\" height=\"0\" data-dbsrc=\"Ly93d3cucGFsbGFyZXNzb2xzb25hLmNvbS93cC1jb250ZW50L3VwbG9hZHMvMjAyNS8xMC9OYXZhbGxhLUJ1c2EtRXN0YWJpbGl0emFkYS0zLXNjYWxlZC5qcGc=\"\/>\n\t\t\t\t\t\t<img loading=\"lazy\" data-src=\"\/\/www.pallaressolsona.com\/wp-content\/uploads\/2025\/10\/Daga-Clavada-scaled.jpg\" data-libid=\"8769\" data-lib=\"medialibrary\" width=\"0\" height=\"0\" data-dbsrc=\"Ly93d3cucGFsbGFyZXNzb2xzb25hLmNvbS93cC1jb250ZW50L3VwbG9hZHMvMjAyNS8xMC9EYWdhLUNsYXZhZGEtc2NhbGVkLmpwZw==\"\/>\n\t\t\t\t\t<\/image_lists>\n\t\t\t\t<\/sr7-module>\n\t\t\t\t<script>\n\t\t\t\t\tSR7.PMH ??={}; SR7.PMH[\"SR7_4_1\"] = {cn:100,state:false,fn: function() { if (_tpt!==undefined && _tpt.prepareModuleHeight !== undefined) {  _tpt.prepareModuleHeight({id:\"SR7_4_1\",el:[900,900,768,960,720],type:'standard',shdw:'0',gh:[900,900,768,960,720],gw:[1240,1240,1024,778,480],vpt:['-100px&#039;,&#039;-100px&#039;,&#039;-100px&#039;,&#039;-100px&#039;,&#039;-100px'],size:{fullWidth:true, fullHeight:true},fho:'',mh:'0',onh:0,onw:0,bg:{color:'{\"orig\":\"transparent\",\"type\":\"solid\",\"string\":\"transparent\"}'}});   SR7.PMH[\"SR7_4_1\"].state=true;} else if(SR7.PMH[\"SR7_4_1\"].cn-->0)\tsetTimeout( SR7.PMH[\"SR7_4_1\"].fn,19);}};SR7.PMH[\"SR7_4_1\" ].fn();\n\t\t\t\t<\/script>\n<\/div>\n\n\t\t\t\t\t\t<\/div>\n\t\t\t\t<\/div>\n\t\t<div class=\"elementor-element elementor-element-0ad5735 e-flex e-con-boxed e-con e-parent\" data-id=\"0ad5735\" data-element_type=\"container\" data-e-type=\"container\">\n\t\t\t\t\t<div class=\"e-con-inner\">\n\t\t\t\t\t<\/div>\n\t\t\t\t<\/div>\n\t\t<div class=\"elementor-element elementor-element-bf7c33b e-con-full e-flex e-con e-parent\" data-id=\"bf7c33b\" data-element_type=\"container\" data-e-type=\"container\">\n\t\t<div class=\"elementor-element elementor-element-bfcc820 e-con-full e-flex e-con e-child\" data-id=\"bfcc820\" data-element_type=\"container\" data-e-type=\"container\">\n\t\t\t\t<div class=\"elementor-element elementor-element-2e53c25 elementor-widget elementor-widget-stonemade_core_info_section\" data-id=\"2e53c25\" data-element_type=\"widget\" data-e-type=\"widget\" data-widget_type=\"stonemade_core_info_section.default\">\n\t\t\t\t<div class=\"elementor-widget-container\">\n\t\t\t\t\t<div class=\"qodef-shortcode qodef-m justificat qodef-info-section qodef-layout--background-text qodef-alignment--left qodef-background-text-pos--top-left\">\n\t<div class=\"qodef-m-background-text\">\n\t\t\t<\/div>\n\t<div class=\"qodef-m-info\">\n\t\t\t\t\t<h3 class=\"qodef-m-title\" style=\"margin-bottom: 15px\">\n\t\tGanivets Pallar\u00e8s\t\t\t<\/h3>\n\t\t\t<p class=\"qodef-m-text\" >L\u2019empresa Pallar\u00e8s, com a \u00fanic testimoni actual de la important industria ganivetera de Solsona i amb 100 anys d\u2019experi\u00e8ncia a les esquenes, estem especialitzats en la fabricaci\u00f3 de ganivets i navalles. Tamb\u00e9 disposem d\u2019un ampli ventall de productes enfocats a altres \u00e0mbits, com eines de camp, esmoladors, eines per la jardineria, tisores i barbacoes.\n\nD\u2019especial menci\u00f3 en s\u00f3n els nostres ganivets professionals i ganivets de cuina, Ganiveteria Pallar\u00e8s posa a l\u2019abast dels seus clients productes de m\u00e0xima qualitat, on s\u2019ha tingut molta cura dels materials utilitzats en la fabricaci\u00f3 de cada un dels productes per tal d\u2019obtenir un tall de gran qualitat.<\/p>\n\t\t\t<\/div>\n<\/div>\n\t\t\t\t<\/div>\n\t\t\t\t<\/div>\n\t\t\t\t<\/div>\n\t\t<div class=\"elementor-element elementor-element-96a59c1 e-con-full e-flex e-con e-child\" data-id=\"96a59c1\" data-element_type=\"container\" data-e-type=\"container\">\n\t\t\t\t<div class=\"elementor-element elementor-element-d107943 elementor-widget elementor-widget-image\" data-id=\"d107943\" data-element_type=\"widget\" data-e-type=\"widget\" data-widget_type=\"image.default\">\n\t\t\t\t\t\t\t\t\t\t\t\t\t\t\t<img loading=\"lazy\" decoding=\"async\" width=\"1024\" height=\"576\" src=\"https:\/\/www.pallaressolsona.com\/wp-content\/uploads\/2025\/10\/Imant-i-ganivets-olivera-1024x576.jpg\" class=\"attachment-large size-large wp-image-10509\" alt=\"\" srcset=\"https:\/\/www.pallaressolsona.com\/wp-content\/uploads\/2025\/10\/Imant-i-ganivets-olivera-1024x576.jpg 1024w, https:\/\/www.pallaressolsona.com\/wp-content\/uploads\/2025\/10\/Imant-i-ganivets-olivera-300x169.jpg 300w, https:\/\/www.pallaressolsona.com\/wp-content\/uploads\/2025\/10\/Imant-i-ganivets-olivera-768x432.jpg 768w, https:\/\/www.pallaressolsona.com\/wp-content\/uploads\/2025\/10\/Imant-i-ganivets-olivera-1536x864.jpg 1536w, https:\/\/www.pallaressolsona.com\/wp-content\/uploads\/2025\/10\/Imant-i-ganivets-olivera-2048x1152.jpg 2048w, https:\/\/www.pallaressolsona.com\/wp-content\/uploads\/2025\/10\/Imant-i-ganivets-olivera-600x338.jpg 600w\" sizes=\"(max-width: 1024px) 100vw, 1024px\" \/>\t\t\t\t\t\t\t\t\t\t\t\t\t\t\t<\/div>\n\t\t\t\t<\/div>\n\t\t\t\t<\/div>\n\t\t<div class=\"elementor-element elementor-element-aebb851 e-con-full e-flex e-con e-parent\" data-id=\"aebb851\" data-element_type=\"container\" data-e-type=\"container\">\n\t\t<div class=\"elementor-element elementor-element-d16a8e6 e-con-full e-flex e-con e-child\" data-id=\"d16a8e6\" data-element_type=\"container\" data-e-type=\"container\" data-settings=\"{&quot;background_background&quot;:&quot;classic&quot;}\">\n\t\t\t\t<div class=\"elementor-element elementor-element-f41dd3c elementor-widget__width-initial elementor-widget elementor-widget-stonemade_core_info_section\" data-id=\"f41dd3c\" data-element_type=\"widget\" data-e-type=\"widget\" data-widget_type=\"stonemade_core_info_section.default\">\n\t\t\t\t<div class=\"elementor-widget-container\">\n\t\t\t\t\t<div class=\"qodef-shortcode qodef-m qodef-info-section qodef-layout--background-text qodef-alignment--center qodef-background-text-pos--top-left\">\n\t<div class=\"qodef-m-background-text\">\n\t\t\t<\/div>\n\t<div class=\"qodef-m-info\">\n\t\t\t\t\t<h2 class=\"qodef-m-title\" style=\"margin-bottom: 10px\">\n\t\tNavalla com\u00fa\t\t\t<\/h2>\n\t\t\t<p class=\"qodef-m-text\" >La navalla Com\u00fa \u00e9s anomenada aix\u00ed per ser una de les m\u00e9s emprades arreu del m\u00f3n. La seva fulla, que t\u00e9 forma de fulla de llorer, ofereix fiabilitat i versatilitat en el tall. Avui dia es mantenen les quatre mides originals (n\u00ba 00 - 7 cm | n\u00ba 0 - 8 cm | n\u00ba 1 - 9 cm | n\u00ba 2 - 10 cm), que es basen en la longitud de la fulla i es fabriquen en Acer al Carboni (A.C.) i en Acer Inoxidable (INOX).<\/p>\n\t\t\t<\/div>\n<\/div>\n\t\t\t\t<\/div>\n\t\t\t\t<\/div>\n\t\t\t\t<\/div>\n\t\t<div class=\"elementor-element elementor-element-6b8dd02 e-con-full elementor-hidden-mobile e-flex e-con e-child\" data-id=\"6b8dd02\" data-element_type=\"container\" data-e-type=\"container\" data-settings=\"{&quot;background_background&quot;:&quot;classic&quot;}\">\n\t\t\t\t<\/div>\n\t\t\t\t<\/div>\n\t\t<div class=\"elementor-element elementor-element-50944e9 e-con-full e-flex e-con e-parent\" data-id=\"50944e9\" data-element_type=\"container\" data-e-type=\"container\">\n\t\t\t\t<div class=\"elementor-element elementor-element-359a97f elementor-widget elementor-widget-stonemade_core_section_title\" data-id=\"359a97f\" data-element_type=\"widget\" data-e-type=\"widget\" data-widget_type=\"stonemade_core_section_title.default\">\n\t\t\t\t<div class=\"elementor-widget-container\">\n\t\t\t\t\t<div class=\"qodef-shortcode qodef-m qodef-section-title qodef-alignment--center\">\n\t\t<h2 class=\"qodef-m-title\" >\n\tTipus d'acer\t\t<\/h2>\n\t\t<\/div>\n\t\t\t\t<\/div>\n\t\t\t\t<\/div>\n\t\t<div class=\"elementor-element elementor-element-6080060 e-con-full e-flex e-con e-child\" data-id=\"6080060\" data-element_type=\"container\" data-e-type=\"container\">\n\t\t<div class=\"elementor-element elementor-element-28ce46f e-con-full e-flex e-con e-child\" data-id=\"28ce46f\" data-element_type=\"container\" data-e-type=\"container\">\n\t\t\t\t<div class=\"elementor-element elementor-element-e528741 elementor-widget elementor-widget-image\" data-id=\"e528741\" data-element_type=\"widget\" data-e-type=\"widget\" data-widget_type=\"image.default\">\n\t\t\t\t\t\t\t\t\t\t\t\t\t\t\t<img loading=\"lazy\" decoding=\"async\" width=\"1024\" height=\"683\" src=\"https:\/\/www.pallaressolsona.com\/wp-content\/uploads\/2025\/10\/Busa-Boix-1024x683.jpg\" class=\"attachment-large size-large wp-image-10505\" alt=\"\" srcset=\"https:\/\/www.pallaressolsona.com\/wp-content\/uploads\/2025\/10\/Busa-Boix-1024x683.jpg 1024w, https:\/\/www.pallaressolsona.com\/wp-content\/uploads\/2025\/10\/Busa-Boix-300x200.jpg 300w, https:\/\/www.pallaressolsona.com\/wp-content\/uploads\/2025\/10\/Busa-Boix-768x512.jpg 768w, https:\/\/www.pallaressolsona.com\/wp-content\/uploads\/2025\/10\/Busa-Boix-1536x1024.jpg 1536w, https:\/\/www.pallaressolsona.com\/wp-content\/uploads\/2025\/10\/Busa-Boix-2048x1365.jpg 2048w, https:\/\/www.pallaressolsona.com\/wp-content\/uploads\/2025\/10\/Busa-Boix-600x400.jpg 600w\" sizes=\"(max-width: 1024px) 100vw, 1024px\" \/>\t\t\t\t\t\t\t\t\t\t\t\t\t\t\t<\/div>\n\t\t\t\t<div class=\"elementor-element elementor-element-564f211 elementor-widget elementor-widget-qi_addons_for_elementor_section_title\" data-id=\"564f211\" data-element_type=\"widget\" data-e-type=\"widget\" data-widget_type=\"qi_addons_for_elementor_section_title.default\">\n\t\t\t\t<div class=\"elementor-widget-container\">\n\t\t\t\t\t<div class=\"qodef-shortcode qodef-m qodef-qi-section-title qodef-decoration--italic qodef-link--underline-draw qodef-subtitle-icon--left\">\n\t\t\t\t\t\t<h4 class=\"qodef-m-title\">\n\t\tL'acer al Carboni (A.C.)\t<\/h4>\n\t\t\t<\/div>\n\t\t\t\t<\/div>\n\t\t\t\t<\/div>\n\t\t\t\t<div class=\"elementor-element elementor-element-9f65a97 elementor-widget elementor-widget-text-editor\" data-id=\"9f65a97\" data-element_type=\"widget\" data-e-type=\"widget\" data-widget_type=\"text-editor.default\">\n\t\t\t\t\t\t\t\t\t<p><em>\u00c9s el material original i, per tant, \u00e9s m\u00e9s fort, el tall dura m\u00e9s i \u00e9s molt m\u00e9s f\u00e0cil d\u2019esmolar. Per contra, si no se\u2019n t\u00e9 cura, es pot rovellar. Per evitar l\u2019oxidaci\u00f3 es recomana eixugar la fulla de seguida despr\u00e9s de cada \u00fas i, si es vol conservar un temps sense fer servir, se li pot posar una capa d\u2019oli, que no deixa que l\u2019oxigen entri en contacte amb la fulla i es rovelli.<\/em><\/p>\t\t\t\t\t\t\t\t<\/div>\n\t\t\t\t<\/div>\n\t\t<div class=\"elementor-element elementor-element-ad5607a e-con-full e-flex e-con e-child\" data-id=\"ad5607a\" data-element_type=\"container\" data-e-type=\"container\">\n\t\t\t\t<div class=\"elementor-element elementor-element-c5f730b elementor-widget elementor-widget-image\" data-id=\"c5f730b\" data-element_type=\"widget\" data-e-type=\"widget\" data-widget_type=\"image.default\">\n\t\t\t\t\t\t\t\t\t\t\t\t\t\t\t<img loading=\"lazy\" decoding=\"async\" width=\"1024\" height=\"684\" src=\"https:\/\/www.pallaressolsona.com\/wp-content\/uploads\/2025\/10\/banya-1024x684.jpg\" class=\"attachment-large size-large wp-image-9285\" alt=\"\" srcset=\"https:\/\/www.pallaressolsona.com\/wp-content\/uploads\/2025\/10\/banya-1024x684.jpg 1024w, https:\/\/www.pallaressolsona.com\/wp-content\/uploads\/2025\/10\/banya-300x200.jpg 300w, https:\/\/www.pallaressolsona.com\/wp-content\/uploads\/2025\/10\/banya-768x513.jpg 768w, https:\/\/www.pallaressolsona.com\/wp-content\/uploads\/2025\/10\/banya-1536x1026.jpg 1536w, https:\/\/www.pallaressolsona.com\/wp-content\/uploads\/2025\/10\/banya-2048x1368.jpg 2048w, https:\/\/www.pallaressolsona.com\/wp-content\/uploads\/2025\/10\/banya-600x401.jpg 600w\" sizes=\"(max-width: 1024px) 100vw, 1024px\" \/>\t\t\t\t\t\t\t\t\t\t\t\t\t\t\t<\/div>\n\t\t\t\t<div class=\"elementor-element elementor-element-ecc81ef elementor-widget elementor-widget-qi_addons_for_elementor_section_title\" data-id=\"ecc81ef\" data-element_type=\"widget\" data-e-type=\"widget\" data-widget_type=\"qi_addons_for_elementor_section_title.default\">\n\t\t\t\t<div class=\"elementor-widget-container\">\n\t\t\t\t\t<div class=\"qodef-shortcode qodef-m qodef-qi-section-title qodef-decoration--italic qodef-link--underline-draw qodef-subtitle-icon--left\">\n\t\t\t\t\t\t<h4 class=\"qodef-m-title\">\n\t\tL'acer Inoxidable (INOX)\t<\/h4>\n\t\t\t<\/div>\n\t\t\t\t<\/div>\n\t\t\t\t<\/div>\n\t\t\t\t<div class=\"elementor-element elementor-element-9e6bacd elementor-widget elementor-widget-text-editor\" data-id=\"9e6bacd\" data-element_type=\"widget\" data-e-type=\"widget\" data-widget_type=\"text-editor.default\">\n\t\t\t\t\t\t\t\t\t<p>Surt d\u2019afegir crom i n\u00edquel a l\u2019Acer al Carboni, no s\u2019oxida tan f\u00e0cilment, per\u00f2, en ser un material m\u00e9s fluix, perd el tall m\u00e9s r\u00e0pid i costa molt m\u00e9s d\u2019esmolar.<\/p>\t\t\t\t\t\t\t\t<\/div>\n\t\t\t\t<\/div>\n\t\t\t\t<\/div>\n\t\t\t\t<\/div>\n\t\t\t\t<\/div>\n\t\t","protected":false},"excerpt":{"rendered":"<p>Ganivets Pallar\u00e8s L\u2019empresa Pallar\u00e8s, com a \u00fanic testimoni actual de la important industria ganivetera de Solsona i amb 100 anys d\u2019experi\u00e8ncia a les esquenes, estem especialitzats en la fabricaci\u00f3 de ganivets i navalles. Tamb\u00e9 disposem d\u2019un ampli ventall de productes enfocats a altres \u00e0mbits, com eines de camp, esmoladors, eines per la jardineria, tisores i [&hellip;]<\/p>\n","protected":false},"author":1,"featured_media":9286,"parent":0,"menu_order":1,"comment_status":"closed","ping_status":"closed","template":"page-full-width.php","meta":{"footnotes":""},"class_list":["post-9284","page","type-page","status-publish","has-post-thumbnail","hentry"],"aioseo_notices":[],"_links":{"self":[{"href":"https:\/\/www.pallaressolsona.com\/fr\/wp-json\/wp\/v2\/pages\/9284","targetHints":{"allow":["GET"]}}],"collection":[{"href":"https:\/\/www.pallaressolsona.com\/fr\/wp-json\/wp\/v2\/pages"}],"about":[{"href":"https:\/\/www.pallaressolsona.com\/fr\/wp-json\/wp\/v2\/types\/page"}],"author":[{"embeddable":true,"href":"https:\/\/www.pallaressolsona.com\/fr\/wp-json\/wp\/v2\/users\/1"}],"replies":[{"embeddable":true,"href":"https:\/\/www.pallaressolsona.com\/fr\/wp-json\/wp\/v2\/comments?post=9284"}],"version-history":[{"count":0,"href":"https:\/\/www.pallaressolsona.com\/fr\/wp-json\/wp\/v2\/pages\/9284\/revisions"}],"wp:featuredmedia":[{"embeddable":true,"href":"https:\/\/www.pallaressolsona.com\/fr\/wp-json\/wp\/v2\/media\/9286"}],"wp:attachment":[{"href":"https:\/\/www.pallaressolsona.com\/fr\/wp-json\/wp\/v2\/media?parent=9284"}],"curies":[{"name":"wp","href":"https:\/\/api.w.org\/{rel}","templated":true}]}}