{"id":9313,"date":"2025-10-30T12:30:07","date_gmt":"2025-10-30T10:30:07","guid":{"rendered":"https:\/\/www.pallaressolsona.com\/cataleg\/"},"modified":"2026-01-08T19:11:03","modified_gmt":"2026-01-08T17:11:03","slug":"catalogo","status":"publish","type":"page","link":"https:\/\/www.pallaressolsona.com\/es\/catalogo\/","title":{"rendered":"Cat\u00e1logo"},"content":{"rendered":"\t\t<div data-elementor-type=\"wp-page\" data-elementor-id=\"9313\" class=\"elementor elementor-9313 elementor-9160\">\n\t\t\t\t<div class=\"elementor-element elementor-element-947aee1 e-con-full e-flex e-con e-parent\" data-id=\"947aee1\" data-element_type=\"container\" data-e-type=\"container\" data-settings=\"{&quot;background_background&quot;:&quot;classic&quot;}\">\n\t\t\t\t<div class=\"elementor-element elementor-element-7305cd5 elementor-widget elementor-widget-spacer\" data-id=\"7305cd5\" data-element_type=\"widget\" data-e-type=\"widget\" data-widget_type=\"spacer.default\">\n\t\t\t\t\t\t\t<div class=\"elementor-spacer\">\n\t\t\t<div class=\"elementor-spacer-inner\"><\/div>\n\t\t<\/div>\n\t\t\t\t\t\t<\/div>\n\t\t\t\t<\/div>\n\t\t<div class=\"elementor-element elementor-element-6df42d9 e-con-full e-flex e-con e-parent\" data-id=\"6df42d9\" data-element_type=\"container\" data-e-type=\"container\">\n\t\t\t\t<div class=\"elementor-element elementor-element-cf73aef elementor-widget elementor-widget-stonemade_core_section_title\" data-id=\"cf73aef\" data-element_type=\"widget\" data-e-type=\"widget\" data-widget_type=\"stonemade_core_section_title.default\">\n\t\t\t\t<div class=\"elementor-widget-container\">\n\t\t\t\t\t<div class=\"qodef-shortcode qodef-m qodef-section-title qodef-alignment--center\">\n\t\t<h1 class=\"qodef-m-title\" >\n\tCat\u00e1logo\t\t<\/h1>\n\t\t<\/div>\n\t\t\t\t<\/div>\n\t\t\t\t<\/div>\n\t\t\t\t<\/div>\n\t\t<div class=\"elementor-element elementor-element-f084a2b e-con-full e-flex e-con e-parent\" data-id=\"f084a2b\" data-element_type=\"container\" data-e-type=\"container\">\n\t\t<div class=\"elementor-element elementor-element-d939aa3 e-con-full e-flex e-con e-child\" data-id=\"d939aa3\" data-element_type=\"container\" data-e-type=\"container\" data-settings=\"{&quot;background_background&quot;:&quot;classic&quot;}\">\n\t\t\t\t<div class=\"elementor-element elementor-element-c904ebc elementor-widget__width-initial elementor-widget elementor-widget-stonemade_core_info_section\" data-id=\"c904ebc\" data-element_type=\"widget\" data-e-type=\"widget\" data-widget_type=\"stonemade_core_info_section.default\">\n\t\t\t\t<div class=\"elementor-widget-container\">\n\t\t\t\t\t<div class=\"qodef-shortcode qodef-m qodef-info-section qodef-layout--background-text qodef-alignment--center qodef-background-text-pos--top-left\">\n\t<div class=\"qodef-m-background-text\">\n\t\t\t<\/div>\n\t<div class=\"qodef-m-info\">\n\t\t\t\t\t<h2 class=\"qodef-m-title\" style=\"margin-bottom: 10px\">\n\t\tNuestros productos\t\t\t<\/h2>\n\t\t\t<p class=\"qodef-m-text\" >En nuestro cat\u00e1logo puede ver todos los productos que le podemos ofrecer.<\/p>\n\t\t\t<\/div>\n<\/div>\n\t\t\t\t<\/div>\n\t\t\t\t<\/div>\n\t\t\t\t<\/div>\n\t\t<div class=\"elementor-element elementor-element-e495b9e e-con-full e-flex e-con e-child\" data-id=\"e495b9e\" data-element_type=\"container\" data-e-type=\"container\" data-settings=\"{&quot;background_background&quot;:&quot;classic&quot;}\">\n\t\t\t\t<div class=\"elementor-element elementor-element-6369487 elementor-widget elementor-widget-image\" data-id=\"6369487\" data-element_type=\"widget\" data-e-type=\"widget\" data-widget_type=\"image.default\">\n\t\t\t\t\t\t\t\t\t\t\t\t\t\t\t\t<a href=\"https:\/\/www.pallaressolsona.com\/docs\/Cat\u00e1logo%20Pallar\u00e8s%202026%20SP%20HD%20CASTELL\u00c0.pdf\">\n\t\t\t\t\t\t\t<img fetchpriority=\"high\" decoding=\"async\" width=\"1024\" height=\"724\" src=\"https:\/\/www.pallaressolsona.com\/wp-content\/uploads\/2025\/11\/Catalogo-Pallares-2026-SP-HD-CASTELLA-1024x724.jpg\" class=\"attachment-large size-large wp-image-9346\" alt=\"\" srcset=\"https:\/\/www.pallaressolsona.com\/wp-content\/uploads\/2025\/11\/Catalogo-Pallares-2026-SP-HD-CASTELLA-1024x724.jpg 1024w, https:\/\/www.pallaressolsona.com\/wp-content\/uploads\/2025\/11\/Catalogo-Pallares-2026-SP-HD-CASTELLA-300x212.jpg 300w, https:\/\/www.pallaressolsona.com\/wp-content\/uploads\/2025\/11\/Catalogo-Pallares-2026-SP-HD-CASTELLA-768x543.jpg 768w, https:\/\/www.pallaressolsona.com\/wp-content\/uploads\/2025\/11\/Catalogo-Pallares-2026-SP-HD-CASTELLA-1536x1086.jpg 1536w, https:\/\/www.pallaressolsona.com\/wp-content\/uploads\/2025\/11\/Catalogo-Pallares-2026-SP-HD-CASTELLA-2048x1448.jpg 2048w, https:\/\/www.pallaressolsona.com\/wp-content\/uploads\/2025\/11\/Catalogo-Pallares-2026-SP-HD-CASTELLA-600x424.jpg 600w\" sizes=\"(max-width: 1024px) 100vw, 1024px\" \/>\t\t\t\t\t\t\t\t<\/a>\n\t\t\t\t\t\t\t\t\t\t\t\t\t\t\t<\/div>\n\t\t\t\t<\/div>\n\t\t\t\t<\/div>\n\t\t\t\t<\/div>\n\t\t","protected":false},"excerpt":{"rendered":"<p>Cat\u00e1logo Nuestros productos En nuestro cat\u00e1logo puede ver todos los productos que le podemos ofrecer.<\/p>\n","protected":false},"author":1,"featured_media":0,"parent":0,"menu_order":3,"comment_status":"closed","ping_status":"closed","template":"page-full-width.php","meta":{"footnotes":""},"class_list":["post-9313","page","type-page","status-publish","hentry"],"aioseo_notices":[],"_links":{"self":[{"href":"https:\/\/www.pallaressolsona.com\/es\/wp-json\/wp\/v2\/pages\/9313","targetHints":{"allow":["GET"]}}],"collection":[{"href":"https:\/\/www.pallaressolsona.com\/es\/wp-json\/wp\/v2\/pages"}],"about":[{"href":"https:\/\/www.pallaressolsona.com\/es\/wp-json\/wp\/v2\/types\/page"}],"author":[{"embeddable":true,"href":"https:\/\/www.pallaressolsona.com\/es\/wp-json\/wp\/v2\/users\/1"}],"replies":[{"embeddable":true,"href":"https:\/\/www.pallaressolsona.com\/es\/wp-json\/wp\/v2\/comments?post=9313"}],"version-history":[{"count":19,"href":"https:\/\/www.pallaressolsona.com\/es\/wp-json\/wp\/v2\/pages\/9313\/revisions"}],"predecessor-version":[{"id":10613,"href":"https:\/\/www.pallaressolsona.com\/es\/wp-json\/wp\/v2\/pages\/9313\/revisions\/10613"}],"wp:attachment":[{"href":"https:\/\/www.pallaressolsona.com\/es\/wp-json\/wp\/v2\/media?parent=9313"}],"curies":[{"name":"wp","href":"https:\/\/api.w.org\/{rel}","templated":true}]}}