{"id":9160,"date":"2025-10-30T12:30:07","date_gmt":"2025-10-30T10:30:07","guid":{"rendered":"https:\/\/www.pallaressolsona.com\/?page_id=9160"},"modified":"2026-01-08T19:08:39","modified_gmt":"2026-01-08T17:08:39","slug":"cataleg","status":"publish","type":"page","link":"https:\/\/www.pallaressolsona.com\/ca\/cataleg\/","title":{"rendered":"Cat\u00e0leg"},"content":{"rendered":"\t\t<div data-elementor-type=\"wp-page\" data-elementor-id=\"9160\" class=\"elementor elementor-9160\">\n\t\t\t\t<div class=\"elementor-element elementor-element-947aee1 e-con-full e-flex e-con e-parent\" data-id=\"947aee1\" data-element_type=\"container\" data-e-type=\"container\" data-settings=\"{&quot;background_background&quot;:&quot;classic&quot;}\">\n\t\t\t\t<div class=\"elementor-element elementor-element-7305cd5 elementor-widget elementor-widget-spacer\" data-id=\"7305cd5\" data-element_type=\"widget\" data-e-type=\"widget\" data-widget_type=\"spacer.default\">\n\t\t\t\t\t\t\t<div class=\"elementor-spacer\">\n\t\t\t<div class=\"elementor-spacer-inner\"><\/div>\n\t\t<\/div>\n\t\t\t\t\t\t<\/div>\n\t\t\t\t<\/div>\n\t\t<div class=\"elementor-element elementor-element-6df42d9 e-con-full e-flex e-con e-parent\" data-id=\"6df42d9\" data-element_type=\"container\" data-e-type=\"container\">\n\t\t\t\t<div class=\"elementor-element elementor-element-cf73aef elementor-widget elementor-widget-stonemade_core_section_title\" data-id=\"cf73aef\" data-element_type=\"widget\" data-e-type=\"widget\" data-widget_type=\"stonemade_core_section_title.default\">\n\t\t\t\t<div class=\"elementor-widget-container\">\n\t\t\t\t\t<div class=\"qodef-shortcode qodef-m qodef-section-title qodef-alignment--center\">\n\t\t<h1 class=\"qodef-m-title\" >\n\tCat\u00e0leg\t\t<\/h1>\n\t\t<\/div>\n\t\t\t\t<\/div>\n\t\t\t\t<\/div>\n\t\t\t\t<\/div>\n\t\t<div class=\"elementor-element elementor-element-f084a2b e-con-full e-flex e-con e-parent\" data-id=\"f084a2b\" data-element_type=\"container\" data-e-type=\"container\">\n\t\t<div class=\"elementor-element elementor-element-d939aa3 e-con-full e-flex e-con e-child\" data-id=\"d939aa3\" data-element_type=\"container\" data-e-type=\"container\" data-settings=\"{&quot;background_background&quot;:&quot;classic&quot;}\">\n\t\t\t\t<div class=\"elementor-element elementor-element-c904ebc elementor-widget__width-initial elementor-widget elementor-widget-stonemade_core_info_section\" data-id=\"c904ebc\" data-element_type=\"widget\" data-e-type=\"widget\" data-widget_type=\"stonemade_core_info_section.default\">\n\t\t\t\t<div class=\"elementor-widget-container\">\n\t\t\t\t\t<div class=\"qodef-shortcode qodef-m qodef-info-section qodef-layout--background-text qodef-alignment--center qodef-background-text-pos--top-left\">\n\t<div class=\"qodef-m-background-text\">\n\t\t\t<\/div>\n\t<div class=\"qodef-m-info\">\n\t\t\t\t\t<h2 class=\"qodef-m-title\" style=\"margin-bottom: 10px\">\n\t\tEls nostres productes\t\t\t<\/h2>\n\t\t\t<p class=\"qodef-m-text\" >Al nostre cat\u00e0leg podeu veure tots els productes que us podem oferir.<\/p>\n\t\t\t<\/div>\n<\/div>\n\t\t\t\t<\/div>\n\t\t\t\t<\/div>\n\t\t\t\t<\/div>\n\t\t<div class=\"elementor-element elementor-element-e495b9e e-con-full e-flex e-con e-child\" data-id=\"e495b9e\" data-element_type=\"container\" data-e-type=\"container\" data-settings=\"{&quot;background_background&quot;:&quot;classic&quot;}\">\n\t\t\t\t<div class=\"elementor-element elementor-element-6369487 elementor-widget elementor-widget-image\" data-id=\"6369487\" data-element_type=\"widget\" data-e-type=\"widget\" data-widget_type=\"image.default\">\n\t\t\t\t\t\t\t\t\t\t\t\t\t\t\t\t<a href=\"https:\/\/www.pallaressolsona.com\/docs\/Cat\u00e0leg%20Pallar\u00e8s%202026%20SP%20HD%20CATAL\u00c0.pdf\">\n\t\t\t\t\t\t\t<img fetchpriority=\"high\" decoding=\"async\" width=\"1024\" height=\"724\" src=\"https:\/\/www.pallaressolsona.com\/wp-content\/uploads\/2025\/11\/Cataleg-Pallares-2026-SP-HD-CATALA-1024x724.jpg\" class=\"attachment-large size-large wp-image-9338\" alt=\"\" srcset=\"https:\/\/www.pallaressolsona.com\/wp-content\/uploads\/2025\/11\/Cataleg-Pallares-2026-SP-HD-CATALA-1024x724.jpg 1024w, https:\/\/www.pallaressolsona.com\/wp-content\/uploads\/2025\/11\/Cataleg-Pallares-2026-SP-HD-CATALA-300x212.jpg 300w, https:\/\/www.pallaressolsona.com\/wp-content\/uploads\/2025\/11\/Cataleg-Pallares-2026-SP-HD-CATALA-768x543.jpg 768w, https:\/\/www.pallaressolsona.com\/wp-content\/uploads\/2025\/11\/Cataleg-Pallares-2026-SP-HD-CATALA-1536x1086.jpg 1536w, https:\/\/www.pallaressolsona.com\/wp-content\/uploads\/2025\/11\/Cataleg-Pallares-2026-SP-HD-CATALA-2048x1448.jpg 2048w, https:\/\/www.pallaressolsona.com\/wp-content\/uploads\/2025\/11\/Cataleg-Pallares-2026-SP-HD-CATALA-600x424.jpg 600w\" sizes=\"(max-width: 1024px) 100vw, 1024px\" \/>\t\t\t\t\t\t\t\t<\/a>\n\t\t\t\t\t\t\t\t\t\t\t\t\t\t\t<\/div>\n\t\t\t\t<\/div>\n\t\t\t\t<\/div>\n\t\t\t\t<\/div>\n\t\t","protected":false},"excerpt":{"rendered":"<p>Cat\u00e0leg Els nostres productes Al nostre cat\u00e0leg podeu veure tots els productes que us podem oferir.<\/p>\n","protected":false},"author":1,"featured_media":0,"parent":0,"menu_order":3,"comment_status":"closed","ping_status":"closed","template":"page-full-width.php","meta":{"footnotes":""},"class_list":["post-9160","page","type-page","status-publish","hentry"],"aioseo_notices":[],"_links":{"self":[{"href":"https:\/\/www.pallaressolsona.com\/ca\/wp-json\/wp\/v2\/pages\/9160","targetHints":{"allow":["GET"]}}],"collection":[{"href":"https:\/\/www.pallaressolsona.com\/ca\/wp-json\/wp\/v2\/pages"}],"about":[{"href":"https:\/\/www.pallaressolsona.com\/ca\/wp-json\/wp\/v2\/types\/page"}],"author":[{"embeddable":true,"href":"https:\/\/www.pallaressolsona.com\/ca\/wp-json\/wp\/v2\/users\/1"}],"replies":[{"embeddable":true,"href":"https:\/\/www.pallaressolsona.com\/ca\/wp-json\/wp\/v2\/comments?post=9160"}],"version-history":[{"count":31,"href":"https:\/\/www.pallaressolsona.com\/ca\/wp-json\/wp\/v2\/pages\/9160\/revisions"}],"predecessor-version":[{"id":10610,"href":"https:\/\/www.pallaressolsona.com\/ca\/wp-json\/wp\/v2\/pages\/9160\/revisions\/10610"}],"wp:attachment":[{"href":"https:\/\/www.pallaressolsona.com\/ca\/wp-json\/wp\/v2\/media?parent=9160"}],"curies":[{"name":"wp","href":"https:\/\/api.w.org\/{rel}","templated":true}]}}