{"id":8905,"date":"2025-10-29T14:15:22","date_gmt":"2025-10-29T12:15:22","guid":{"rendered":"https:\/\/www.pallaressolsona.com\/?page_id=8905"},"modified":"2025-10-31T11:40:32","modified_gmt":"2025-10-31T09:40:32","slug":"politica-de-cookies","status":"publish","type":"page","link":"https:\/\/www.pallaressolsona.com\/ca\/politica-de-cookies\/","title":{"rendered":"Pol\u00edtica de cookies"},"content":{"rendered":"\n<ol class=\"wp-block-list\"><\/ol>\n\n\n\n<p>A la web\u00a0https:\/\/www.pallaressolsona.com\u00a0utilitzem cookies per facilitar la relaci\u00f3 dels visitants amb el nostre contingut i per permetre elaborar estad\u00edstiques sobre els visitants que rebem.<\/p>\n\n\n\n<p>En compliment de la Directiva 2009\/136\/CE, desenvolupada en el nostre ordenament per l\u2019apartat segon de l\u2019article 22 de la Llei de Serveis de la Societat de la Informaci\u00f3, seguint las directrius de l\u2019Ag\u00e8ncia Espanyola de Protecci\u00f3 de Dades, procedim a informar-lo detalladament de l\u2019\u00fas que es realitza a la nostra web.<\/p>\n\n\n\n<p>S\u2019anomenen cookies a uns petits fitxers que es graven al navegador utilitzat per cada visitant de la nostra web perqu\u00e8 el servidor pugui recordar la visita d\u2019aquest usuari amb posterioritat quan torni a accedir als nostres continguts. Aquesta informaci\u00f3 no revela la seva identitat, ni dada personal, ni accedeix al contingut emmagatzemat al seu pc, per\u00f2 s\u00ed que permet al nostre sistema identificar-vos com un usuari determinat que ja va visitar la web amb anterioritat, va visualitzar determinades p\u00e0gines, etc. ia m\u00e9s permet guardar les seves prefer\u00e8ncies personals i informaci\u00f3 t\u00e8cnica com ara les visites realitzades o p\u00e0gines concretes que visiti.<\/p>\n\n\n\n<p>La finalitat de les galetes \u00e9s la de facilitar a l\u2019Usuari un acc\u00e9s m\u00e9s r\u00e0pid als Serveis seleccionats.<\/p>\n\n\n\n<p>Si no voleu que es guardin cookies al vostre navegador o prefereix rebre una informaci\u00f3 cada vegada que una galeta sol\u00b7liciti instal\u00b7lar-se, podeu configurar les vostres opcions de navegaci\u00f3 perqu\u00e8 es faci d\u2019aquesta manera. La major part dels navegadors permeten la gesti\u00f3 de les galetes de 3 formes diferents:<\/p>\n\n\n\n<ul class=\"wp-block-list\">\n<li>Les cookies s\u00f3n sempre rebutjades;<\/li>\n\n\n\n<li>El navegador pregunta si l\u2019usuari desitja instal\u00b7lar cada cookie;<\/li>\n\n\n\n<li>Les cookies s\u00f3n sempre acceptades;<\/li>\n<\/ul>\n\n\n\n<p>El vostre navegador tamb\u00e9 pot incloure la possibilitat de seleccionar amb detall les cookies que voleu que s\u2019instal\u00b7lin al vostre ordinador. En concret, l\u2019usuari pot normalment acceptar alguna de les opcions seg\u00fcents:<\/p>\n\n\n\n<ul class=\"wp-block-list\">\n<li>rebutjar les cookies dominis determinats;<\/li>\n\n\n\n<li>rebutjar cookies de tercers;<\/li>\n\n\n\n<li>acceptar cookies com a no persistents (s\u2019eliminen quan es tanca el navegador);<\/li>\n\n\n\n<li>permetre al servidor crear cookies per a un domini diferent.<\/li>\n<\/ul>\n\n\n\n<p><strong>Per permetre, con\u00e8ixer, bloquejar o eliminar les cookies instal\u00b7lades al vostre equip, podeu fer-ho mitjan\u00e7ant la configuraci\u00f3 de les opcions del navegador instal\u00b7lat al vostre ordinador.<\/strong><\/p>\n\n\n\n<p>Podeu trobar informaci\u00f3 sobre com configurar els navegadors m\u00e9s utilitzats a les seg\u00fcents ubicacions:<\/p>\n\n\n\n<ul class=\"wp-block-list\">\n<li><strong>Internet Explorer<\/strong>: Eines -> Opcions d\u2019Internet -> Privadesa -> Configuraci\u00f3. Per a m\u00e9s informaci\u00f3, podeu consultar el\u00a0<a href=\"http:\/\/windows.microsoft.com\/es-ES\/windows\/support\" target=\"_blank\" rel=\"noreferrer noopener\">suport de Microsoft<\/a>\u00a0o l\u2019Ajuda del navegador.<\/li>\n\n\n\n<li><strong>Firefox<\/strong>: Eines -> Opcions -> Privadesa -> Historial -> Configuraci\u00f3 Personalitzada. Per a m\u00e9s informaci\u00f3, podeu consultar el\u00a0<a href=\"http:\/\/support.mozilla.org\/es\/home\" target=\"_blank\" rel=\"noreferrer noopener\">suport de Mozilla<\/a>\u00a0o l\u2019Ajuda del navegador.<\/li>\n\n\n\n<li><strong>Chrome<\/strong>: Configuraci\u00f3 -> Mostrar opcions avan\u00e7ades -> Privadesa -> Configuraci\u00f3 de contingut. Per a m\u00e9s informaci\u00f3, podeu consultar el\u00a0<a href=\"http:\/\/support.google.com\/chrome\/?hl=es\" target=\"_blank\" rel=\"noreferrer noopener\">suport de Google<\/a>\u00a0o l\u2019Ajuda del navegador.<\/li>\n\n\n\n<li><strong>Safari<\/strong>: Prefer\u00e8ncies -> Seguretat. Per a m\u00e9s informaci\u00f3, podeu consultar el\u00a0<a href=\"http:\/\/www.apple.com\/es\/support\/safari\/\" target=\"_blank\" rel=\"noreferrer noopener\">suport d\u2019Apple<\/a>\u00a0o l\u2019Ajuda del navegador.<\/li>\n<\/ul>\n\n\n\n<p>Respecte de les cookies de tercers, \u00e9s a dir aquelles que s\u00f3n alienes al nostre lloc web, no podem fer-nos responsables del contingut i veracitat de les pol\u00edtiques de privadesa que ells inclouen pel que la informaci\u00f3 que us oferim \u00e9s sempre amb refer\u00e8ncia a la font.<\/p>\n\n\n\n<p>A continuaci\u00f3 us informem detalladament de les cookies que es poden instal\u00b7lar des del nostre lloc web. En funci\u00f3n de la vostra navegaci\u00f3 es podran instal\u00b7lar totes o nom\u00e9s alguna d\u2019elles.<\/p>\n\n\n\n<figure class=\"wp-block-table\"><table class=\"has-fixed-layout\"><tbody><tr><td>Nom<\/td><td>Categoria<\/td><td>Descripci\u00f3<\/td><td>Propietat<\/td><td>Durada<\/td><\/tr><tr><td>cookies_and_content_security_policy<\/td><td>Necess\u00e0ria<\/td><td>\u00c9s utilitzada per desar les prefer\u00e8ncies seleccionades de la pol\u00edtica de cookies<\/td><td>Pr\u00f2pia<\/td><td>1 any<\/td><\/tr><tr><td>_GRECAPTCHA<\/td><td>Necess\u00e0ria<\/td><td>\u00c9s utilitzada pel servei de Google recaptcha per identificar bots i protegir la web contra atacs maliciosos i de correu brossa<\/td><td>Google Recaptcha<\/td><td>6 mesos<\/td><\/tr><tr><td>rc::a<\/td><td>Necess\u00e0ria<\/td><td>\u00c9s utilitzada pel servei de Google recaptcha per identificar bots i protegir la web contra atacs maliciosos i de correu brossa<\/td><td>Google Recaptcha<\/td><td>Indefinida<\/td><\/tr><tr><td>rc::f<\/td><td>Necess\u00e0ria<\/td><td>\u00c9s utilitzada pel servei de Google recaptcha per identificar bots i protegir la web contra atacs maliciosos i de correu brossa<\/td><td>Google Recaptcha<\/td><td>Indefinida<\/td><\/tr><tr><td>rc::c<\/td><td>Necess\u00e0ria<\/td><td>\u00c9s utilitzada pel servei de Google recaptcha per identificar bots i protegir la web contra atacs maliciosos i de correu brossa<\/td><td>Google Recaptcha<\/td><td>Finalitzaci\u00f3 de la sessi\u00f3<\/td><\/tr><tr><td>rc::b<\/td><td>Necess\u00e0ria<\/td><td>\u00c9s utilitzada pel servei de Google recaptcha per identificar bots i protegir la web contra atacs maliciosos i de correu brossa<\/td><td>Google Recaptcha<\/td><td>Finalitzaci\u00f3 de la sessi\u00f3<\/td><\/tr><tr><td>wp-wpml_current_language<\/td><td>Funcionalitat<\/td><td>El connector multiling\u00fce de WordPress ha configurat aquesta galeta per desar la configuraci\u00f3 actual d\u2019idioma\/idioma.<\/td><td>Pr\u00f2pia<\/td><td>Finalitzaci\u00f3 de la sessi\u00f3<\/td><\/tr><tr><td>_ga_*<\/td><td>Anal\u00edtica<\/td><td>Google Analytics configura aquesta cookie per emmagatzemar i comptar les p\u00e0gines vistes.<\/td><td>Google Analytics<\/td><td>1 any, 1 mes, 4 dies<\/td><\/tr><tr><td>_ga<\/td><td>Anal\u00edtica<\/td><td>Google Analytics ha configurat aquesta cookie per calcular les dades dels visitants, sessions i campanyes i fer un seguiment de l\u2019\u00fas del lloc per a l\u2019informe d\u2019an\u00e0lisi del lloc. La galeta desa informaci\u00f3 de forma an\u00f2nima i assigna un n\u00famero generat aleatori per recon\u00e8ixer els visitants \u00fanics.<\/td><td>Google Analytics<\/td><td>1 any, 1 mes, 4 dies<\/td><\/tr><\/tbody><\/table><\/figure>\n\n\n\n<p>Es pot modificar aquesta Pol\u00edtica de Cookies en funci\u00f3 d\u2019exig\u00e8ncies legislatives, reglament\u00e0ries, o amb la finalitat d\u2019adaptar aquesta pol\u00edtica a les instruccions dictades per l\u2019Ag\u00e8ncia Espanyola de Protecci\u00f3 de Dades, per aix\u00f2 s\u2019aconsella als usuaris que la visitin peri\u00f2dicament.<\/p>\n\n\n\n<p>Quan es produeixin canvis significatius en aquesta Pol\u00edtica de Cookies, es comunicaran als Usuaris b\u00e9 mitjan\u00e7ant la web o mitjan\u00e7ant correu electr\u00f2nic als Usuaris registrats.<\/p>\n","protected":false},"excerpt":{"rendered":"<p>A la web\u00a0https:\/\/www.pallaressolsona.com\u00a0utilitzem cookies per facilitar la relaci\u00f3 dels visitants amb el nostre contingut i per permetre elaborar estad\u00edstiques sobre els visitants que rebem. En compliment de la Directiva 2009\/136\/CE, desenvolupada en el nostre ordenament per l\u2019apartat segon de l\u2019article 22 de la Llei de Serveis de la Societat de la Informaci\u00f3, seguint las directrius [&hellip;]<\/p>\n","protected":false},"author":1,"featured_media":0,"parent":0,"menu_order":16,"comment_status":"closed","ping_status":"open","template":"","meta":{"footnotes":""},"class_list":["post-8905","page","type-page","status-publish","hentry"],"aioseo_notices":[],"_links":{"self":[{"href":"https:\/\/www.pallaressolsona.com\/ca\/wp-json\/wp\/v2\/pages\/8905","targetHints":{"allow":["GET"]}}],"collection":[{"href":"https:\/\/www.pallaressolsona.com\/ca\/wp-json\/wp\/v2\/pages"}],"about":[{"href":"https:\/\/www.pallaressolsona.com\/ca\/wp-json\/wp\/v2\/types\/page"}],"author":[{"embeddable":true,"href":"https:\/\/www.pallaressolsona.com\/ca\/wp-json\/wp\/v2\/users\/1"}],"replies":[{"embeddable":true,"href":"https:\/\/www.pallaressolsona.com\/ca\/wp-json\/wp\/v2\/comments?post=8905"}],"version-history":[{"count":1,"href":"https:\/\/www.pallaressolsona.com\/ca\/wp-json\/wp\/v2\/pages\/8905\/revisions"}],"predecessor-version":[{"id":8906,"href":"https:\/\/www.pallaressolsona.com\/ca\/wp-json\/wp\/v2\/pages\/8905\/revisions\/8906"}],"wp:attachment":[{"href":"https:\/\/www.pallaressolsona.com\/ca\/wp-json\/wp\/v2\/media?parent=8905"}],"curies":[{"name":"wp","href":"https:\/\/api.w.org\/{rel}","templated":true}]}}