{"id":8810,"date":"2025-10-29T13:17:42","date_gmt":"2025-10-29T11:17:42","guid":{"rendered":"https:\/\/www.pallaressolsona.com\/?page_id=8810"},"modified":"2025-10-31T11:32:23","modified_gmt":"2025-10-31T09:32:23","slug":"contacte","status":"publish","type":"page","link":"https:\/\/www.pallaressolsona.com\/ca\/contacte\/","title":{"rendered":"Contacte"},"content":{"rendered":"\t\t<div data-elementor-type=\"wp-page\" data-elementor-id=\"8810\" class=\"elementor elementor-8810\">\n\t\t\t\t<div class=\"elementor-element elementor-element-009b731 e-con-full e-flex e-con e-parent\" data-id=\"009b731\" data-element_type=\"container\" data-e-type=\"container\" data-settings=\"{&quot;background_background&quot;:&quot;classic&quot;}\">\n\t\t\t\t<div class=\"elementor-element elementor-element-b0f36d5 elementor-widget elementor-widget-spacer\" data-id=\"b0f36d5\" data-element_type=\"widget\" data-e-type=\"widget\" data-widget_type=\"spacer.default\">\n\t\t\t\t\t\t\t<div class=\"elementor-spacer\">\n\t\t\t<div class=\"elementor-spacer-inner\"><\/div>\n\t\t<\/div>\n\t\t\t\t\t\t<\/div>\n\t\t\t\t<\/div>\n\t\t<div class=\"elementor-element elementor-element-76aa3c9 e-con-full e-flex e-con e-parent\" data-id=\"76aa3c9\" data-element_type=\"container\" data-e-type=\"container\">\n\t\t<div class=\"elementor-element elementor-element-cede73d e-con-full qodef-custom-link-holder e-flex e-con e-child\" data-id=\"cede73d\" data-element_type=\"container\" data-e-type=\"container\">\n\t\t\t\t<div class=\"elementor-element elementor-element-f9cab92 elementor-widget__width-initial elementor-widget elementor-widget-stonemade_core_info_section\" data-id=\"f9cab92\" data-element_type=\"widget\" data-e-type=\"widget\" data-widget_type=\"stonemade_core_info_section.default\">\n\t\t\t\t<div class=\"elementor-widget-container\">\n\t\t\t\t\t<div class=\"qodef-shortcode qodef-m qodef-info-section qodef-layout--background-text qodef-alignment--left qodef-background-text-pos--top-left\">\n\t<div class=\"qodef-m-background-text\">\n\t\t\t<\/div>\n\t<div class=\"qodef-m-info\">\n\t\t\t\t\t<h2 class=\"qodef-m-title\" style=\"margin-bottom: 15px\">\n\t\tContacte\t\t\t<\/h2>\n\t\t\t\t\t<\/div>\n<\/div>\n\t\t\t\t<\/div>\n\t\t\t\t<\/div>\n\t\t\t\t<div class=\"elementor-element elementor-element-92c1594 elementor-widget elementor-widget-stonemade_core_info_section\" data-id=\"92c1594\" data-element_type=\"widget\" data-e-type=\"widget\" data-widget_type=\"stonemade_core_info_section.default\">\n\t\t\t\t<div class=\"elementor-widget-container\">\n\t\t\t\t\t<div class=\"qodef-shortcode qodef-m qodef-info-section qodef-layout--background-text qodef-alignment--left qodef-background-text-pos--top-left\">\n\t<div class=\"qodef-m-background-text\">\n\t\t\t<\/div>\n\t<div class=\"qodef-m-info\">\n\t\t\t\t\t<h4 class=\"qodef-m-title\" style=\"margin-bottom: 0px\">\n\t\tAdre\u00e7a:\t\t\t<\/h4>\n\t\t\t\t\t<\/div>\n<\/div>\n\t\t\t\t<\/div>\n\t\t\t\t<\/div>\n\t\t\t\t<div class=\"elementor-element elementor-element-dc6248a elementor-widget elementor-widget-text-editor\" data-id=\"dc6248a\" data-element_type=\"widget\" data-e-type=\"widget\" data-widget_type=\"text-editor.default\">\n\t\t\t\t\t\t\t\t\t<p>Pol\u00edgon Industrial els Ametllers<br \/>C\/ Ganiveters, 39<br \/>25280 Solsona (Lleida)<\/p>\t\t\t\t\t\t\t\t<\/div>\n\t\t\t\t<div class=\"elementor-element elementor-element-dfffb97 elementor-widget elementor-widget-text-editor\" data-id=\"dfffb97\" data-element_type=\"widget\" data-e-type=\"widget\" data-widget_type=\"text-editor.default\">\n\t\t\t\t\t\t\t\t\t<p><a href=\"tel:+34973483054\">+34 973 48 30 54<\/a><\/p>\t\t\t\t\t\t\t\t<\/div>\n\t\t\t\t<div class=\"elementor-element elementor-element-4040b1a elementor-widget elementor-widget-text-editor\" data-id=\"4040b1a\" data-element_type=\"widget\" data-e-type=\"widget\" data-widget_type=\"text-editor.default\">\n\t\t\t\t\t\t\t\t\t<p><a href=\"mailto:info@pallaressolsona.com\">info@pallaressolsona.com<\/a><\/p>\t\t\t\t\t\t\t\t<\/div>\n\t\t\t\t<\/div>\n\t\t<div class=\"elementor-element elementor-element-e5758ce e-con-full e-flex e-con e-child\" data-id=\"e5758ce\" data-element_type=\"container\" data-e-type=\"container\">\n\t\t\t\t<div class=\"elementor-element elementor-element-dce7a43 elementor-widget elementor-widget-wp-widget-stonemade_core_contact_form_7\" data-id=\"dce7a43\" data-element_type=\"widget\" data-e-type=\"widget\" data-widget_type=\"wp-widget-stonemade_core_contact_form_7.default\">\n\t\t\t\t<div class=\"elementor-widget-container\">\n\t\t\t\t\t\t\t\t<div class=\"qodef-contact-form-7\">\n\t\t\t\t\n<div class=\"wpcf7 no-js\" id=\"wpcf7-f8803-o1\" lang=\"ca\" dir=\"ltr\" data-wpcf7-id=\"8803\">\n<div class=\"screen-reader-response\"><p role=\"status\" aria-live=\"polite\" aria-atomic=\"true\"><\/p> <ul><\/ul><\/div>\n<form action=\"\/ca\/wp-json\/wp\/v2\/pages\/8810#wpcf7-f8803-o1\" method=\"post\" class=\"wpcf7-form init\" aria-label=\"Formulari de contacte\" novalidate=\"novalidate\" data-status=\"init\">\n<fieldset class=\"hidden-fields-container\"><input type=\"hidden\" name=\"_wpcf7\" value=\"8803\" \/><input type=\"hidden\" name=\"_wpcf7_version\" value=\"6.1.4\" \/><input type=\"hidden\" name=\"_wpcf7_locale\" value=\"ca\" \/><input type=\"hidden\" name=\"_wpcf7_unit_tag\" value=\"wpcf7-f8803-o1\" \/><input type=\"hidden\" name=\"_wpcf7_container_post\" value=\"0\" \/><input type=\"hidden\" name=\"_wpcf7_posted_data_hash\" value=\"\" \/><input type=\"hidden\" name=\"_wpcf7_recaptcha_response\" value=\"\" \/>\n<\/fieldset>\n<div class=\"qodef-contact-form\">\n<div class=\"qodef-form-inner\">\n\n\n<span class=\"wpcf7-form-control-wrap\" data-name=\"txtNom\"><input size=\"40\" maxlength=\"400\" class=\"wpcf7-form-control wpcf7-text wpcf7-validates-as-required\" aria-required=\"true\" aria-invalid=\"false\" placeholder=\"Nom *\" value=\"\" type=\"text\" name=\"txtNom\" \/><\/span>\n\n<span class=\"wpcf7-form-control-wrap\" data-name=\"txtAssumpte\"><input size=\"40\" maxlength=\"400\" class=\"wpcf7-form-control wpcf7-text wpcf7-validates-as-required\" aria-required=\"true\" aria-invalid=\"false\" placeholder=\"Assumpte *\" value=\"\" type=\"text\" name=\"txtAssumpte\" \/><\/span>\n\n<span class=\"wpcf7-form-control-wrap\" data-name=\"txtEmail\"><input size=\"40\" maxlength=\"400\" class=\"wpcf7-form-control wpcf7-email wpcf7-validates-as-required wpcf7-text wpcf7-validates-as-email\" aria-required=\"true\" aria-invalid=\"false\" placeholder=\"E-mail *\" value=\"\" type=\"email\" name=\"txtEmail\" \/><\/span>\n\n<span class=\"wpcf7-form-control-wrap\" data-name=\"txtMissatge\"><textarea cols=\"40\" rows=\"10\" maxlength=\"2000\" class=\"wpcf7-form-control wpcf7-textarea wpcf7-validates-as-required\" aria-required=\"true\" aria-invalid=\"false\" placeholder=\"Missatge *\" name=\"txtMissatge\"><\/textarea><\/span>\n\n<label><span class=\"wpcf7-form-control-wrap\" data-name=\"acceptance-279\"><span class=\"wpcf7-form-control wpcf7-acceptance\"><span class=\"wpcf7-list-item\"><input type=\"checkbox\" name=\"acceptance-279\" value=\"1\" aria-invalid=\"false\" \/><\/span><\/span><\/span> He llegit i accepto la <a target=\"_blank\" rel=\"nofollow noopener noreferrer\" href=\"http:\/\/www.pallaressolsona.com\/ca\/politica-de-privacitat\">Pol\u00edtica de Privacitat<\/a>.<\/label>\n\n<label><span class=\"wpcf7-form-control-wrap\" data-name=\"acceptance-280\"><span class=\"wpcf7-form-control wpcf7-acceptance optional\"><span class=\"wpcf7-list-item\"><input type=\"checkbox\" name=\"acceptance-280\" value=\"1\" aria-invalid=\"false\" \/><\/span><\/span><\/span> Autoritzo l'enviament d'informaci\u00f3 comercial i del butllet\u00ed de not\u00edcies.<\/label>\n<br>\n\n<div class=\"text-legal-p\">\n<b>INFORMACI\u00d3 B\u00c0SICA SOBRE PROTECCI\u00d3 DE DADES<\/b>\n<b>Responsable del tractament:<\/b> PALLAR\u00c8S, C.B.\n<b>Finalitat del tractament:<\/b> Mantenir una relaci\u00f3 amb l'Usuari i, si ens autoritza, l'enviament de newsletters, comunicacions comercials i promocions.\n<b>Legitimaci\u00f3 del tractament:<\/b> Inter\u00e8s leg\u00edtim i consentiment de l'interessat\/da.\n<b>Conservaci\u00f3 de les dades:<\/b> Es conservaran durant el temps que hi hagi un inter\u00e8s mutu o durant el temps que sigui necessari per al compliment d'obligacions legals.\n<b>Destinataris:<\/b> Prestadors de serveis o col\u00b7laboradors.\n<b>Drets:<\/b> Dret a retirar el consentiment en qualsevol moment. Dret d'acc\u00e9s, rectificaci\u00f3, portabilitat i supressi\u00f3 de les seves dades i de la limitaci\u00f3 o oposici\u00f3 al seu tractament. Dades de contacte per exercir els teus drets: info@pallaressolsona.com\n<b>Informaci\u00f3 addicional:<\/b> Podeu trobar m\u00e9s informaci\u00f3 a la nostra <a href=\"https:\/\/www.pallaressolsona.com\/ca\/politica-de-privacitat\">Pol\u00edtica de Privacitat<\/a>.\n<\/div>\n\n\n\n<button class=\"wpcf7-form-control wpcf7-submit qodef-button qodef-size--normal qodef-layout--filled qodef-m\" type=\"submit\"><span class=\"qodef-m-text\">ENVIA<\/span><\/button>\n\n\n<\/div>\n<\/div><div class=\"wpcf7-response-output\" aria-hidden=\"true\"><\/div>\n<\/form>\n<\/div>\n\t\t\t<\/div>\n\t\t\t\t\t\t\t<\/div>\n\t\t\t\t<\/div>\n\t\t\t\t<\/div>\n\t\t\t\t<\/div>\n\t\t<div class=\"elementor-element elementor-element-fe3c4df e-con-full e-flex e-con e-parent\" data-id=\"fe3c4df\" data-element_type=\"container\" data-e-type=\"container\">\n\t\t\t\t<div class=\"elementor-element elementor-element-dd685fb elementor-widget elementor-widget-html\" data-id=\"dd685fb\" data-element_type=\"widget\" data-e-type=\"widget\" data-widget_type=\"html.default\">\n\t\t\t\t\t<iframe src=\"https:\/\/www.google.com\/maps\/embed?pb=!1m18!1m12!1m3!1d2475.779434197352!2d1.5456627561628697!3d41.98848142530831!2m3!1f0!2f0!3f0!3m2!1i1024!2i768!4f13.1!3m3!1m2!1s0x12a5b60291332937%3A0x10014da73f799499!2sPallar%C3%A8s%20C.B.!5e0!3m2!1sca!2ses!4v1761738779302!5m2!1sca!2ses\" width=\"100%\" height=\"450\" style=\"border:0;\" allowfullscreen=\"\" loading=\"lazy\" referrerpolicy=\"no-referrer-when-downgrade\"><\/iframe>\t\t\t\t<\/div>\n\t\t\t\t<\/div>\n\t\t\t\t<\/div>\n\t\t","protected":false},"excerpt":{"rendered":"<p>Contacte Adre\u00e7a: Pol\u00edgon Industrial els AmetllersC\/ Ganiveters, 3925280 Solsona (Lleida) +34 973 48 30 54 info@pallaressolsona.com<\/p>\n","protected":false},"author":1,"featured_media":0,"parent":0,"menu_order":4,"comment_status":"closed","ping_status":"closed","template":"page-full-width.php","meta":{"footnotes":""},"class_list":["post-8810","page","type-page","status-publish","hentry"],"aioseo_notices":[],"_links":{"self":[{"href":"https:\/\/www.pallaressolsona.com\/ca\/wp-json\/wp\/v2\/pages\/8810","targetHints":{"allow":["GET"]}}],"collection":[{"href":"https:\/\/www.pallaressolsona.com\/ca\/wp-json\/wp\/v2\/pages"}],"about":[{"href":"https:\/\/www.pallaressolsona.com\/ca\/wp-json\/wp\/v2\/types\/page"}],"author":[{"embeddable":true,"href":"https:\/\/www.pallaressolsona.com\/ca\/wp-json\/wp\/v2\/users\/1"}],"replies":[{"embeddable":true,"href":"https:\/\/www.pallaressolsona.com\/ca\/wp-json\/wp\/v2\/comments?post=8810"}],"version-history":[{"count":106,"href":"https:\/\/www.pallaressolsona.com\/ca\/wp-json\/wp\/v2\/pages\/8810\/revisions"}],"predecessor-version":[{"id":9202,"href":"https:\/\/www.pallaressolsona.com\/ca\/wp-json\/wp\/v2\/pages\/8810\/revisions\/9202"}],"wp:attachment":[{"href":"https:\/\/www.pallaressolsona.com\/ca\/wp-json\/wp\/v2\/media?parent=8810"}],"curies":[{"name":"wp","href":"https:\/\/api.w.org\/{rel}","templated":true}]}}